{"id":9468,"date":"2022-08-12T21:13:05","date_gmt":"2022-08-12T21:13:05","guid":{"rendered":"https:\/\/corp.websaver.ca\/politique-de-confidentialite\/"},"modified":"2024-01-25T22:13:40","modified_gmt":"2024-01-25T22:13:40","slug":"politique-de-confidentialite","status":"publish","type":"page","link":"https:\/\/corp.websaver.ca\/fr\/politique-de-confidentialite\/","title":{"rendered":"Politique de confidentialit\u00e9"},"content":{"rendered":"<div class=\"fusion-fullwidth fullwidth-box fusion-builder-row-1 fusion-flex-container has-pattern-background has-mask-background nonhundred-percent-fullwidth non-hundred-percent-height-scrolling\" style=\"--awb-border-radius-top-left:0px;--awb-border-radius-top-right:0px;--awb-border-radius-bottom-right:0px;--awb-border-radius-bottom-left:0px;--awb-margin-top:-60px;--awb-margin-bottom:-70px;--awb-background-color:var(--awb-color3);--awb-flex-wrap:wrap;\" ><div class=\"fusion-builder-row fusion-row fusion-flex-align-items-flex-start fusion-flex-content-wrap\" style=\"max-width:1216.8px;margin-left: calc(-4% \/ 2 );margin-right: calc(-4% \/ 2 );\"><div class=\"fusion-layout-column fusion_builder_column fusion-builder-column-0 fusion_builder_column_1_1 1_1 fusion-flex-column\" style=\"--awb-padding-top:30px;--awb-padding-right:60px;--awb-padding-bottom:80px;--awb-padding-left:60px;--awb-bg-color:var(--awb-color1);--awb-bg-color-hover:var(--awb-color1);--awb-bg-blend:overlay;--awb-bg-size:cover;--awb-width-large:100%;--awb-margin-top-large:0px;--awb-spacing-right-large:1.92%;--awb-margin-bottom-large:0px;--awb-spacing-left-large:1.92%;--awb-width-medium:100%;--awb-order-medium:0;--awb-spacing-right-medium:1.92%;--awb-spacing-left-medium:1.92%;--awb-width-small:100%;--awb-order-small:0;--awb-spacing-right-small:1.92%;--awb-spacing-left-small:1.92%;\"><div class=\"fusion-column-wrapper fusion-column-has-shadow fusion-flex-justify-content-flex-start fusion-content-layout-column\"><div class=\"fusion-text fusion-text-1\" style=\"--awb-text-font-family:&quot;Lato&quot;;--awb-text-font-style:normal;--awb-text-font-weight:400;\"><\/p>\n<h3 class=\"fusion-responsive-typography-calculated wp-block-heading\" style=\"--fontsize: 25; line-height: 1.35;\" data-fontsize=\"25\" data-lineheight=\"33.75px\"><span style=\"color: #005187;\"><b>Politique de confidentialit\u00e9<\/b><\/span><\/h3>\n<p>webSaver.ca prend au s\u00e9rieux la protection de vos renseignements personnels. La politique suivante pr\u00e9cise de quelle mani\u00e8re nous utiliserons vos renseignements personnels.<\/p>\n<p>RENSEIGNEMENTS RECUEILLIS ET LEUR UTILISATION :<\/p>\n<p>Vous conservez toujours le contr\u00f4le sur les renseignements que vous confiez \u00e0 webSaver.ca. Nous recueillons deux types de renseignements \u00e0 propos de nos visiteurs: des renseignements personnels (tels le nom, l\u2019adresse, le num\u00e9ro de t\u00e9l\u00e9phone, l\u2019adresse de courriel, etc.), que vous nous avez soumis de fa\u00e7on volontaire, et des renseignements d\u2019ensemble (tels l\u2019information sur le nombre de visiteurs qui ouvrent une session sur nos sites, les pages qu\u2019ils visitent, comment et o\u00f9 sont utilis\u00e9s nos bons-rabais et\/ou sont \u00e9chang\u00e9es nos offres, etc.). Un 2e code-barres est utilis\u00e9 pour identifier les d\u00e9taillants o\u00f9 vous avez \u00e9chang\u00e9 vos coupons.<\/p>\n<p>En g\u00e9n\u00e9ral, bien que vous puissiez visiter notre site Web en ajoutant des \u00e9conomies webSaver.ca \u00e0 votre panier d\u2019achat sans \u00eatre oblig\u00e9 de nous indiquer qui vous \u00eates ni de r\u00e9v\u00e9ler de renseignements personnels \u00e0 propos de vous, vous devez vous inscrire pour cr\u00e9er un profil ou pour ouvrir une session dans le but de compl\u00e9ter votre commande et de recevoir vos offres webSaver.ca. Nous recueillons, maintenons et utilisons les renseignements personnels que vous avez volontairement soumis afin de traiter vos commandes, de vous envoyer vos bons-rabais et\/ou offres webSaver.ca par courrier, par courriel ou par notification num\u00e9rique, de vous permettre d\u2019imprimer ces coupons et offres (y compris ceux provenant de la part de nos partenaires et\/ou d\u2019annonceurs affili\u00e9s) et de communiquer avec vous, notamment par courriel ou par notification num\u00e9rique pour r\u00e9pondre \u00e0 vos commentaires ou \u00e0 toute demande d\u2019information.<\/p>\n<p>Nous utilisons \u00e9galement vos renseignements personnels pour communiquer avec vous \u00e0 propos du service g\u00e9n\u00e9ral de webSaver.ca ainsi que pour vous envoyer les bulletins hebdomadaires ou quotidiens auxquels vous vous \u00eates inscrit, en plus des courriels commandit\u00e9s et\/ou offres sp\u00e9ciales via courrier, courriel ou publicit\u00e9 num\u00e9rique au nom de partenaires rigoureusement s\u00e9lectionn\u00e9s comprenant des offres, des promotions et de nouveaux produits susceptibles de vous int\u00e9resser, \u00e0 moins que vous ne refusiez de recevoir ces envois. Pour ce faire, vous devez modifier vos pr\u00e9f\u00e9rences \u00e0 partir de votre profil et\/ou cliquer sur le lien \u00ab se d\u00e9sabonner \u00bb que vous trouverez au bas des courriels de webSaver.ca. Par ailleurs, il est possible que nous utilisions vos renseignements personnels pour vous offrir des produits et services cibl\u00e9s parmi les plus utiles pour r\u00e9pondre \u00e0 vos besoins et vos demandes.<\/p>\n<p>Toute communication avec notre \u00e9quipe de service \u00e0 la client\u00e8le peut \u00eatre enregistr\u00e9e afin de nous aider \u00e0 toujours mieux vous servir.<\/p>\n<p>PARTAGE ET TRANSFERT DE DONN\u00c9ES :<\/p>\n<p>\u00c0 aucun moment webSaver.ca n\u2019acceptera, sans votre consentement, d\u2019\u00e9changer, de vendre ou de partager vos renseignements personnels pour qu\u2019ils soient utilis\u00e9s par une autre entreprise, \u00e0 l\u2019exception des entreprises \u00e0 qui vous avez soumis vos renseignements, \u00e0 moins que la loi ne l\u2019exige ou qu\u2019on vous ait mentionn\u00e9 des intentions autres au moment de la collecte de renseignements. Si vous consentez \u00e0 partager vos renseignements avec d\u2019autres entreprises, il est possible que nous les partagions avec des entreprises offrant des produits et services susceptibles de vous int\u00e9resser. Ces entreprises communiqueront alors avec vous directement pour vous offrir des produits, des \u00e9chantillons ou des renseignements personnalis\u00e9s, ou pour vous demander votre opinion sur les produits et programmes qu\u2019ils croient susceptibles de vous int\u00e9resser.<\/p>\n<p>Aux annonceurs et aux r\u00e9seaux publicitaires qui requirent de l&rsquo;information pour s\u00e9lectionner et diffuser des publicit\u00e9s pertinentes pour vous et autres personnes. Nous ne divulguons pas de donn\u00e9es sur des individus identifiables aux annonceurs, mais nous pouvons leur fournir des informations agr\u00e9g\u00e9es. Nous pouvons \u00e9galement utiliser ces informations agr\u00e9g\u00e9es pour aider les annonceurs \u00e0 cibler un public sp\u00e9cifique (par exemple, des hommes dans un emplacement sp\u00e9cifique). Nous pouvons utiliser les informations personnelles collect\u00e9es aupr\u00e8s de vous pour nous permettre d&rsquo;afficher la publicit\u00e9 de nos annonceurs \u00e0 ce public cible. Pour vous d\u00e9sinscrire, vous pouvez cliquer ici.<\/p>\n<p>Aux tierces parties pour vous commercialiser leurs produits ou services, si vous n&rsquo;avez pas renonc\u00e9 \u00e0 ces divulgations. Nous demandons \u00e0 ces tierces parties de garder les informations personnelles confidentielles et de les utiliser uniquement aux fins pour lesquelles nous les leur divulguons.<\/p>\n<h4>DROIT DE SUPPRESSION :<\/h4>\n<p><span style=\"font-weight: 400;\">Vous pouvez demander \u00e0 webSaver de supprimer toutes les Donn\u00e9es personnelles qu&rsquo;il a recueillies aupr\u00e8s de vous dans le pass\u00e9, sous r\u00e9serve de certaines exceptions limit\u00e9es \u00e9nonc\u00e9es ci-dessous. Si vous demandez la suppression, sachez que votre exp\u00e9rience d&rsquo;utilisateur avec webSaver sera diff\u00e9rente et que toute personnalisation sera perdue. webSaver ne sera pas en mesure de vous envoyer des offres cibl\u00e9es pour des articles susceptibles de vous int\u00e9resser et vous ne recevrez peut-\u00eatre pas de recommandations ou de courriels personnalis\u00e9s. M\u00eame si vous demandez la suppression, webSaver conservera les informations de connexion \u00e0 votre compte afin que vous puissiez continuer \u00e0 l&rsquo;utiliser apr\u00e8s avoir exerc\u00e9 votre droit de suppression. Si vous continuez \u00e0 utiliser votre compte apr\u00e8s avoir soumis une demande de suppression, webSaver recommencera \u00e0 collecter l&rsquo;historique des achats et d&rsquo;autres informations et \u00e0 les utiliser conform\u00e9ment \u00e0 sa politique de confidentialit\u00e9.<\/span><\/p>\n<p style=\"font-weight: 400;\">En outre, si vous demandez la suppression de votre compte, toutes les r\u00e9compenses en argent en attente d&rsquo;approbation dans votre compte webSaver au moment de la suppression seront supprim\u00e9es et vous perdrez ces r\u00e9compenses en attente. En outre, le total de vos gains \u00e0 vie sera r\u00e9initialis\u00e9 au montant des primes de remise en argent dans votre compte webSaver au moment de la suppression. \u00c0 toutes fins utiles, lorsque vous demanderez la suppression de votre compte, vous serez trait\u00e9 comme un nouvel utilisateur de webSaver. Vous ne conserverez pas les primes de remise en argent que vous avez obtenues pr\u00e9c\u00e9demment et toutes les autres personnalisations effectu\u00e9es dans le webSaver jusqu&rsquo;\u00e0 cette date peuvent \u00eatre irr\u00e9vocablement perdues. Pour demander la suppression, veuillez nous envoyer un courriel ou une demande de contact \u00e0 l&rsquo;adresse privacy@websaver.ca.<\/p>\n<p style=\"font-weight: 400;\">Nous pouvons refuser votre demande de suppression si la conservation des informations est n\u00e9cessaire pour que nous ou notre (nos) fournisseur(s) de services puissions :<\/p>\n<ul style=\"font-weight: 400;\">\n<li>Effectuer la transaction pour laquelle nous avons collect\u00e9 les informations personnelles, fournir un bien ou un service que vous avez demand\u00e9, prendre des mesures raisonnablement anticip\u00e9es par vous dans le cadre de notre relation commerciale en cours avec vous, ou ex\u00e9cuter notre contrat avec vous de toute autre mani\u00e8re.<\/li>\n<li>D\u00e9tecter les incidents de s\u00e9curit\u00e9, se prot\u00e9ger contre les activit\u00e9s malveillantes, trompeuses, frauduleuses ou ill\u00e9gales, ou poursuivre les responsables de ces activit\u00e9s.<\/li>\n<li>D\u00e9boguer les produits afin d&rsquo;identifier et de r\u00e9parer les erreurs qui nuisent \u00e0 la fonctionnalit\u00e9 pr\u00e9vue existante.<\/li>\n<li>Exercer sa libert\u00e9 d&rsquo;expression, garantir le droit d&rsquo;un autre consommateur \u00e0 exercer sa libert\u00e9 d&rsquo;expression ou exercer un autre droit pr\u00e9vu par la loi.<\/li>\n<li>Participer \u00e0 des recherches scientifiques, historiques ou statistiques publiques ou \u00e9valu\u00e9es par des pairs, dans l&rsquo;int\u00e9r\u00eat du public et dans le respect de toutes les autres lois applicables en mati\u00e8re d&rsquo;\u00e9thique et de protection de la vie priv\u00e9e, lorsque la suppression des informations risque de rendre impossible ou de compromettre gravement la r\u00e9alisation de la recherche, si vous avez pr\u00e9alablement donn\u00e9 votre consentement en connaissance de cause.<\/li>\n<li>Permettre uniquement des utilisations internes qui correspondent raisonnablement aux attentes des consommateurs sur la base de votre relation avec nous et qui sont compatibles avec le contexte dans lequel vous nous avez fourni les informations.<\/li>\n<li>Se conformer \u00e0 une obligation l\u00e9gale.<\/li>\n<\/ul>\n<h4>T\u00c9MOINS :<\/h4>\n<p><span style=\"font-weight: 400;\">Les t\u00e9moins (cookies) nous permettent, de plusieurs mani\u00e8res, de rendre votre visite sur notre site Web plus agr\u00e9able et significative pour vous. Les t\u00e9moins sont des fichiers texte que votre navigateur place dans votre ordinateur lorsque vous visitez un site Web. Il est possible que webSaver.ca utilise la technologie de \u00ab t\u00e9moins \u00bb pour obtenir de vous des renseignements non personnels \u00e0 titre de visiteur en ligne. La plupart des navigateurs acceptent syst\u00e9matiquement les t\u00e9moins, mais ils peuvent \u00eatre configur\u00e9s pour ne plus les accepter ou pour indiquer \u00e0 quel moment un t\u00e9moin vous est envoy\u00e9. webSaver.ca peut \u00e9galement utiliser des soi-disant \u00ab pixel espions \u00bb pour acc\u00e9der aux renseignements contenus dans ses t\u00e9moins du r\u00e9seau des sites de webSaver.ca et des banni\u00e8res publicitaires interactives.<\/span><\/p>\n<h4>VOUS POUVEZ CHOISIR QUE L\u2019ON PUISSE COMMUNIQUER AVEC VOUS OU NON :<\/h4>\n<p><span style=\"font-weight: 400;\">Notre site vous permet de choisir, par exemple, de recevoir ou de cesser de recevoir nos communications. Si vous souhaitez vous d\u00e9sabonner des programmes de webSaver.ca auxquels vous vous \u00eates inscrit, ou pour emp\u00eacher toute autre utilisation de vos renseignements personnels, veuillez cliquer\u00a0<\/span><a style=\"font-weight: 400;\" href=\"https:\/\/websaver.ca\/fr_ca\/unsubscribe\/\">ici<\/a><span style=\"font-weight: 400;\">.<\/span><\/p>\n<p style=\"font-weight: 400;\">Pour emp\u00eacher toute autre utilisation de vos renseignements personnels \u2013 Nous vous offrirons une m\u00e9thode pour vous d\u00e9sabonner des programmes en ligne de webSaver.ca.<\/p>\n<h4>PROTECTION DES ENFANTS :<\/h4>\n<p><span style=\"font-weight: 400;\">Nous veillons \u00e0 prot\u00e9ger la confidentialit\u00e9 des enfants, et nous nous conformons aux lois nationales et internationales r\u00e9gissant les renseignements personnels des enfants.<\/span><\/p>\n<h4>S\u00c9CURIT\u00c9 :<\/h4>\n<p><span style=\"font-weight: 400;\">Nous faisons tout en notre pouvoir pour assurer, autant que possible, la s\u00e9curit\u00e9 des renseignements que vous nous confiez en ligne contre tout acc\u00e8s et utilisation non autoris\u00e9s.<\/span><\/p>\n<h4>POSTE :<\/h4>\n<p><span style=\"font-weight: 400;\">Bien que nous nous efforcions de notre mieux d&rsquo;assurer l&rsquo;exactitude des adresses ainsi qu&rsquo;un relais effectif vers les services postaux, veuillez noter que nous ne pouvons \u00eatre tenus responsables du courrier perdu, en retard ou mal dirig\u00e9.<\/span><\/p>\n<h4>ACC\u00c8S \u00c0 VOS RENSEIGNEMENTS ET PLAINTES :<\/h4>\n<p><span style=\"font-weight: 400;\">Nous tentons de maintenir vos dossiers complets, \u00e0 jour et exacts. Vous pouvez sans probl\u00e8me avoir acc\u00e8s \u00e0 vos renseignements personnels et les modifier par le biais de votre profil. Pour modifier votre nom d\u2019utilisateur, veuillez cliquez\u00a0<\/span><a style=\"font-weight: 400;\" href=\"https:\/\/websaver.ca\/fr_ca\/users\/edit-profile-survey\/\">ici<\/a><span style=\"font-weight: 400;\">.<\/span><\/p>\n<p style=\"font-weight: 400;\">Nous nous engageons \u00e0 collaborer avec vous afin de r\u00e9soudre de fa\u00e7on \u00e9quitable et rapide toute plainte ou tout litige se rapportant \u00e0 la confidentialit\u00e9. Toute question se rapportant \u00e0 notre \u00e9nonc\u00e9 de confidentialit\u00e9 devrait \u00eatre envoy\u00e9e aux\u00a0<a href=\"https:\/\/websaver.ca\/fr_ca\/contact-us\/\">requ\u00eates<\/a>\u00a0de webSaver.ca.<\/p>\n<h4>LIENS VERS D\u2019AUTRES SITES :<\/h4>\n<p><span style=\"font-weight: 400;\">webSaver.ca peut offrir des liens vers d\u2019autres sites Web. webSaver.ca ne peut contr\u00f4ler les pratiques de confidentialit\u00e9 ni le contenu de ces sites Web. C\u2019est pourquoi nous vous recommandons de lire attentivement les politiques de confidentialit\u00e9 de chaque site que vous visitez.<\/span><\/p>\n<p style=\"font-weight: 400;\">VOTRE ACCEPTATION DE NOS PRATIQUES DE CONFIDENTIALIT\u00c9 : Par l\u2019utilisation de ce site Web ou de toute banni\u00e8re publicitaire interactive de webSaver.ca, vous manifestez votre acceptation de notre\u00a0<a href=\"https:\/\/websaver.ca\/fr_ca\/terms-conditions\/\">\u00e9nonc\u00e9 de confidentialit\u00e9<\/a>, ainsi que votre conformit\u00e9 aux conditions pr\u00e9sent\u00e9es sur le site Web.<\/p>\n<h4>CHANGEMENTS \u00c0 CETTE POLITIQUE :<\/h4>\n<p><span style=\"font-weight: 400;\">webSaver.ca peut mettre \u00e0 jour ou modifier cette politique. Nous vous informerons de tout changement significatif dans la mani\u00e8re dont nous traitons les renseignements personnels en vous envoyant une note \u00e0 l\u2019adresse de courriel principale que vous avez fournie au moment de votre inscription ou en affichant une note bien visible sur notre site.<\/span><\/p>\n<h4>COMMENT COMMUNIQUER AVEC NOUS :<\/h4>\n<p><span style=\"font-weight: 400;\">webSaver.ca s\u2019engage \u00e0 collaborer avec les consommateurs afin de r\u00e9soudre de fa\u00e7on \u00e9quitable et rapide toute plainte ou tout litige se rapportant \u00e0 la confidentialit\u00e9. Veuillez nous envoyer vos questions ou commentaires relatifs \u00e0 nos pratiques de confidentialit\u00e9 en cliquant sur ce\u00a0<\/span><a style=\"font-weight: 400;\" href=\"https:\/\/websaver.ca\/fr_ca\/contact-us\/\">lien<\/a><span style=\"font-weight: 400;\">\u00a0ou en nous envoyant une lettre \u00e0 :<\/span><br style=\"font-weight: 400;\" \/><br style=\"font-weight: 400;\" \/><\/p>\n<p style=\"font-weight: 400;\">PO Box 24549<br \/>Montreal CP WestHill, QC<br \/>H4B 3A5<br \/><a href=\"mailto:confidentialite@websaver.ca\">confidentialite@websaver.ca<\/a><\/p>\n<p style=\"font-weight: 400;\">Date de derni\u00e8re r\u00e9vision: Novembre, 2018<\/p>\n<p>&nbsp;<\/p><\/p>\n<\/div><\/div><\/div><\/div><\/div>","protected":false},"excerpt":{"rendered":"","protected":false},"author":1,"featured_media":0,"parent":0,"menu_order":0,"comment_status":"closed","ping_status":"open","template":"100-width.php","meta":{"footnotes":""},"class_list":["post-9468","page","type-page","status-publish","hentry"],"yoast_head":"<!-- This site is optimized with the Yoast SEO plugin v27.3 - https:\/\/yoast.com\/product\/yoast-seo-wordpress\/ -->\n<title>Politique de confidentialit\u00e9 - webSaver<\/title>\n<meta name=\"robots\" content=\"index, follow, max-snippet:-1, max-image-preview:large, max-video-preview:-1\" \/>\n<link rel=\"canonical\" href=\"https:\/\/corp.websaver.ca\/fr\/politique-de-confidentialite\/\" \/>\n<meta property=\"og:locale\" content=\"fr_FR\" \/>\n<meta property=\"og:type\" content=\"article\" \/>\n<meta property=\"og:title\" content=\"Politique de confidentialit\u00e9 - webSaver\" \/>\n<meta property=\"og:url\" content=\"https:\/\/corp.websaver.ca\/fr\/politique-de-confidentialite\/\" \/>\n<meta property=\"og:site_name\" content=\"webSaver\" \/>\n<meta property=\"article:modified_time\" content=\"2024-01-25T22:13:40+00:00\" \/>\n<meta name=\"twitter:card\" content=\"summary_large_image\" \/>\n<meta name=\"twitter:label1\" content=\"Dur\u00e9e de lecture estim\u00e9e\" \/>\n\t<meta name=\"twitter:data1\" content=\"8 minutes\" \/>\n<script type=\"application\/ld+json\" class=\"yoast-schema-graph\">{\"@context\":\"https:\\\/\\\/schema.org\",\"@graph\":[{\"@type\":\"WebPage\",\"@id\":\"https:\\\/\\\/corp.websaver.ca\\\/fr\\\/politique-de-confidentialite\\\/\",\"url\":\"https:\\\/\\\/corp.websaver.ca\\\/fr\\\/politique-de-confidentialite\\\/\",\"name\":\"Politique de confidentialit\u00e9 - webSaver\",\"isPartOf\":{\"@id\":\"https:\\\/\\\/corp.websaver.ca\\\/#website\"},\"datePublished\":\"2022-08-12T21:13:05+00:00\",\"dateModified\":\"2024-01-25T22:13:40+00:00\",\"breadcrumb\":{\"@id\":\"https:\\\/\\\/corp.websaver.ca\\\/fr\\\/politique-de-confidentialite\\\/#breadcrumb\"},\"inLanguage\":\"fr-FR\",\"potentialAction\":[{\"@type\":\"ReadAction\",\"target\":[\"https:\\\/\\\/corp.websaver.ca\\\/fr\\\/politique-de-confidentialite\\\/\"]}]},{\"@type\":\"BreadcrumbList\",\"@id\":\"https:\\\/\\\/corp.websaver.ca\\\/fr\\\/politique-de-confidentialite\\\/#breadcrumb\",\"itemListElement\":[{\"@type\":\"ListItem\",\"position\":1,\"name\":\"Home\",\"item\":\"https:\\\/\\\/corp.websaver.ca\\\/fr\\\/\"},{\"@type\":\"ListItem\",\"position\":2,\"name\":\"Politique de confidentialit\u00e9\"}]},{\"@type\":\"WebSite\",\"@id\":\"https:\\\/\\\/corp.websaver.ca\\\/#website\",\"url\":\"https:\\\/\\\/corp.websaver.ca\\\/\",\"name\":\"webSaver\",\"description\":\"Your Coupons Solutions Partner\",\"potentialAction\":[{\"@type\":\"SearchAction\",\"target\":{\"@type\":\"EntryPoint\",\"urlTemplate\":\"https:\\\/\\\/corp.websaver.ca\\\/?s={search_term_string}\"},\"query-input\":{\"@type\":\"PropertyValueSpecification\",\"valueRequired\":true,\"valueName\":\"search_term_string\"}}],\"inLanguage\":\"fr-FR\"}]}<\/script>\n<!-- \/ Yoast SEO plugin. -->","yoast_head_json":{"title":"Politique de confidentialit\u00e9 - webSaver","robots":{"index":"index","follow":"follow","max-snippet":"max-snippet:-1","max-image-preview":"max-image-preview:large","max-video-preview":"max-video-preview:-1"},"canonical":"https:\/\/corp.websaver.ca\/fr\/politique-de-confidentialite\/","og_locale":"fr_FR","og_type":"article","og_title":"Politique de confidentialit\u00e9 - webSaver","og_url":"https:\/\/corp.websaver.ca\/fr\/politique-de-confidentialite\/","og_site_name":"webSaver","article_modified_time":"2024-01-25T22:13:40+00:00","twitter_card":"summary_large_image","twitter_misc":{"Dur\u00e9e de lecture estim\u00e9e":"8 minutes"},"schema":{"@context":"https:\/\/schema.org","@graph":[{"@type":"WebPage","@id":"https:\/\/corp.websaver.ca\/fr\/politique-de-confidentialite\/","url":"https:\/\/corp.websaver.ca\/fr\/politique-de-confidentialite\/","name":"Politique de confidentialit\u00e9 - webSaver","isPartOf":{"@id":"https:\/\/corp.websaver.ca\/#website"},"datePublished":"2022-08-12T21:13:05+00:00","dateModified":"2024-01-25T22:13:40+00:00","breadcrumb":{"@id":"https:\/\/corp.websaver.ca\/fr\/politique-de-confidentialite\/#breadcrumb"},"inLanguage":"fr-FR","potentialAction":[{"@type":"ReadAction","target":["https:\/\/corp.websaver.ca\/fr\/politique-de-confidentialite\/"]}]},{"@type":"BreadcrumbList","@id":"https:\/\/corp.websaver.ca\/fr\/politique-de-confidentialite\/#breadcrumb","itemListElement":[{"@type":"ListItem","position":1,"name":"Home","item":"https:\/\/corp.websaver.ca\/fr\/"},{"@type":"ListItem","position":2,"name":"Politique de confidentialit\u00e9"}]},{"@type":"WebSite","@id":"https:\/\/corp.websaver.ca\/#website","url":"https:\/\/corp.websaver.ca\/","name":"webSaver","description":"Your Coupons Solutions Partner","potentialAction":[{"@type":"SearchAction","target":{"@type":"EntryPoint","urlTemplate":"https:\/\/corp.websaver.ca\/?s={search_term_string}"},"query-input":{"@type":"PropertyValueSpecification","valueRequired":true,"valueName":"search_term_string"}}],"inLanguage":"fr-FR"}]}},"_links":{"self":[{"href":"https:\/\/corp.websaver.ca\/fr\/wp-json\/wp\/v2\/pages\/9468","targetHints":{"allow":["GET"]}}],"collection":[{"href":"https:\/\/corp.websaver.ca\/fr\/wp-json\/wp\/v2\/pages"}],"about":[{"href":"https:\/\/corp.websaver.ca\/fr\/wp-json\/wp\/v2\/types\/page"}],"author":[{"embeddable":true,"href":"https:\/\/corp.websaver.ca\/fr\/wp-json\/wp\/v2\/users\/1"}],"replies":[{"embeddable":true,"href":"https:\/\/corp.websaver.ca\/fr\/wp-json\/wp\/v2\/comments?post=9468"}],"version-history":[{"count":3,"href":"https:\/\/corp.websaver.ca\/fr\/wp-json\/wp\/v2\/pages\/9468\/revisions"}],"predecessor-version":[{"id":10032,"href":"https:\/\/corp.websaver.ca\/fr\/wp-json\/wp\/v2\/pages\/9468\/revisions\/10032"}],"wp:attachment":[{"href":"https:\/\/corp.websaver.ca\/fr\/wp-json\/wp\/v2\/media?parent=9468"}],"curies":[{"name":"wp","href":"https:\/\/api.w.org\/{rel}","templated":true}]}}