{"id":9473,"date":"2023-02-10T00:15:33","date_gmt":"2023-02-10T00:15:33","guid":{"rendered":"https:\/\/corp.websaver.ca\/couponing-101\/"},"modified":"2023-11-08T17:11:22","modified_gmt":"2023-11-08T17:11:22","slug":"couponing-101","status":"publish","type":"page","link":"https:\/\/corp.websaver.ca\/fr\/couponing-101\/","title":{"rendered":"Couponing 101"},"content":{"rendered":"<div class=\"fusion-fullwidth fullwidth-box fusion-builder-row-1 fusion-flex-container has-pattern-background has-mask-background nonhundred-percent-fullwidth non-hundred-percent-height-scrolling\" style=\"--awb-border-radius-top-left:0px;--awb-border-radius-top-right:0px;--awb-border-radius-bottom-right:0px;--awb-border-radius-bottom-left:0px;--awb-padding-top:40px;--awb-padding-bottom:40px;--awb-margin-top:-60px;--awb-background-color:#dceefa;--awb-flex-wrap:wrap;\" ><div class=\"fusion-builder-row fusion-row fusion-flex-align-items-flex-start fusion-flex-content-wrap\" style=\"max-width:1216.8px;margin-left: calc(-4% \/ 2 );margin-right: calc(-4% \/ 2 );\"><div class=\"fusion-layout-column fusion_builder_column fusion-builder-column-0 fusion_builder_column_1_1 1_1 fusion-flex-column\" style=\"--awb-bg-color:#dceefa;--awb-bg-color-hover:#dceefa;--awb-bg-size:cover;--awb-width-large:100%;--awb-margin-top-large:0px;--awb-spacing-right-large:1.92%;--awb-margin-bottom-large:20px;--awb-spacing-left-large:1.92%;--awb-width-medium:100%;--awb-order-medium:0;--awb-spacing-right-medium:1.92%;--awb-spacing-left-medium:1.92%;--awb-width-small:100%;--awb-order-small:0;--awb-spacing-right-small:1.92%;--awb-spacing-left-small:1.92%;\"><div class=\"fusion-column-wrapper fusion-column-has-shadow fusion-flex-justify-content-flex-start fusion-content-layout-column\"><div class=\"fusion-slider-sc fusion-has-margin\" style=\"margin-bottom:30px;\"><div class=\"fusion-flexslider-loading flexslider flexslider-hover-type-none\" data-slideshow_autoplay=\"1\" data-slideshow_smooth_height=\"0\" data-slideshow_speed=\"4000\" style=\"max-width:100%;height:100%;\"><ul class=\"slides\"><li class=\"image\"><span class=\"lazyload fusion-image-hover-element hover-type-none\"><img decoding=\"async\" src=\"data:image\/svg+xml,%3Csvg%20xmlns%3D%27http%3A%2F%2Fwww.w3.org%2F2000%2Fsvg%27%20width%3D%271200%27%20height%3D%27673%27%20viewBox%3D%270%200%201200%20673%27%3E%3Crect%20width%3D%271200%27%20height%3D%27673%27%20fill-opacity%3D%220%22%2F%3E%3C%2Fsvg%3E\" data-orig-src=\"https:\/\/corp.websaver.ca\/wp-content\/uploads\/2023\/05\/Coupon-101-1.jpg\" width=\"1200\" height=\"673\" class=\"lazyload wp-image-8894\" \/><\/span><\/li><li class=\"image\"><span class=\"lazyload fusion-image-hover-element hover-type-none\"><img decoding=\"async\" src=\"data:image\/svg+xml,%3Csvg%20xmlns%3D%27http%3A%2F%2Fwww.w3.org%2F2000%2Fsvg%27%20width%3D%271200%27%20height%3D%27704%27%20viewBox%3D%270%200%201200%20704%27%3E%3Crect%20width%3D%271200%27%20height%3D%27704%27%20fill-opacity%3D%220%22%2F%3E%3C%2Fsvg%3E\" data-orig-src=\"https:\/\/corp.websaver.ca\/wp-content\/uploads\/2023\/05\/Coupon-101-2.jpg\" width=\"1200\" height=\"704\" class=\"lazyload wp-image-8896\" \/><\/span><\/li><li class=\"image\"><span class=\"lazyload fusion-image-hover-element hover-type-none\"><img decoding=\"async\" src=\"data:image\/svg+xml,%3Csvg%20xmlns%3D%27http%3A%2F%2Fwww.w3.org%2F2000%2Fsvg%27%20width%3D%271200%27%20height%3D%27673%27%20viewBox%3D%270%200%201200%20673%27%3E%3Crect%20width%3D%271200%27%20height%3D%27673%27%20fill-opacity%3D%220%22%2F%3E%3C%2Fsvg%3E\" data-orig-src=\"https:\/\/corp.websaver.ca\/wp-content\/uploads\/2023\/05\/Coupon-101-3.jpg\" width=\"1200\" height=\"673\" class=\"lazyload wp-image-8898\" \/><\/span><\/li><li class=\"image\"><span class=\"lazyload fusion-image-hover-element hover-type-none\"><img decoding=\"async\" src=\"data:image\/svg+xml,%3Csvg%20xmlns%3D%27http%3A%2F%2Fwww.w3.org%2F2000%2Fsvg%27%20width%3D%271200%27%20height%3D%27712%27%20viewBox%3D%270%200%201200%20712%27%3E%3Crect%20width%3D%271200%27%20height%3D%27712%27%20fill-opacity%3D%220%22%2F%3E%3C%2Fsvg%3E\" data-orig-src=\"https:\/\/corp.websaver.ca\/wp-content\/uploads\/2023\/05\/Coupon-101-4.jpg\" width=\"1200\" height=\"712\" class=\"lazyload wp-image-8900\" \/><\/span><\/li><li class=\"image\"><span class=\"lazyload fusion-image-hover-element hover-type-none\"><img decoding=\"async\" src=\"data:image\/svg+xml,%3Csvg%20xmlns%3D%27http%3A%2F%2Fwww.w3.org%2F2000%2Fsvg%27%20width%3D%271200%27%20height%3D%27740%27%20viewBox%3D%270%200%201200%20740%27%3E%3Crect%20width%3D%271200%27%20height%3D%27740%27%20fill-opacity%3D%220%22%2F%3E%3C%2Fsvg%3E\" data-orig-src=\"https:\/\/corp.websaver.ca\/wp-content\/uploads\/2023\/05\/Coupon-101-5.jpg\" width=\"1200\" height=\"740\" class=\"lazyload wp-image-8902\" \/><\/span><\/li><li class=\"image\"><span class=\"lazyload fusion-image-hover-element hover-type-none\"><img decoding=\"async\" src=\"data:image\/svg+xml,%3Csvg%20xmlns%3D%27http%3A%2F%2Fwww.w3.org%2F2000%2Fsvg%27%20width%3D%271200%27%20height%3D%27704%27%20viewBox%3D%270%200%201200%20704%27%3E%3Crect%20width%3D%271200%27%20height%3D%27704%27%20fill-opacity%3D%220%22%2F%3E%3C%2Fsvg%3E\" data-orig-src=\"https:\/\/corp.websaver.ca\/wp-content\/uploads\/2023\/05\/Coupon-101-6.jpg\" width=\"1200\" height=\"704\" class=\"lazyload wp-image-8904\" \/><\/span><\/li><li class=\"image\"><span class=\"lazyload fusion-image-hover-element hover-type-none\"><img decoding=\"async\" src=\"data:image\/svg+xml,%3Csvg%20xmlns%3D%27http%3A%2F%2Fwww.w3.org%2F2000%2Fsvg%27%20width%3D%271200%27%20height%3D%27660%27%20viewBox%3D%270%200%201200%20660%27%3E%3Crect%20width%3D%271200%27%20height%3D%27660%27%20fill-opacity%3D%220%22%2F%3E%3C%2Fsvg%3E\" data-orig-src=\"https:\/\/corp.websaver.ca\/wp-content\/uploads\/2023\/11\/Coupon-101-7.jpg\" width=\"1200\" height=\"660\" class=\"lazyload wp-image-9508\" \/><\/span><\/li><li class=\"image\"><span class=\"lazyload fusion-image-hover-element hover-type-none\"><img decoding=\"async\" src=\"data:image\/svg+xml,%3Csvg%20xmlns%3D%27http%3A%2F%2Fwww.w3.org%2F2000%2Fsvg%27%20width%3D%271200%27%20height%3D%27700%27%20viewBox%3D%270%200%201200%20700%27%3E%3Crect%20width%3D%271200%27%20height%3D%27700%27%20fill-opacity%3D%220%22%2F%3E%3C%2Fsvg%3E\" data-orig-src=\"https:\/\/corp.websaver.ca\/wp-content\/uploads\/2023\/05\/Coupon-101-8.jpg\" width=\"1200\" height=\"700\" class=\"lazyload wp-image-8908\" \/><\/span><\/li><li class=\"image\"><span class=\"lazyload fusion-image-hover-element hover-type-none\"><img decoding=\"async\" src=\"data:image\/svg+xml,%3Csvg%20xmlns%3D%27http%3A%2F%2Fwww.w3.org%2F2000%2Fsvg%27%20width%3D%271200%27%20height%3D%27673%27%20viewBox%3D%270%200%201200%20673%27%3E%3Crect%20width%3D%271200%27%20height%3D%27673%27%20fill-opacity%3D%220%22%2F%3E%3C%2Fsvg%3E\" data-orig-src=\"https:\/\/corp.websaver.ca\/wp-content\/uploads\/2023\/05\/Coupon-101-9.jpg\" width=\"1200\" height=\"673\" class=\"lazyload wp-image-8910\" \/><\/span><\/li><li class=\"image\"><span class=\"lazyload fusion-image-hover-element hover-type-none\"><img decoding=\"async\" src=\"data:image\/svg+xml,%3Csvg%20xmlns%3D%27http%3A%2F%2Fwww.w3.org%2F2000%2Fsvg%27%20width%3D%271200%27%20height%3D%27646%27%20viewBox%3D%270%200%201200%20646%27%3E%3Crect%20width%3D%271200%27%20height%3D%27646%27%20fill-opacity%3D%220%22%2F%3E%3C%2Fsvg%3E\" data-orig-src=\"https:\/\/corp.websaver.ca\/wp-content\/uploads\/2023\/05\/Coupon-101-10.jpg\" width=\"1200\" height=\"646\" class=\"lazyload wp-image-8912\" \/><\/span><\/li><li class=\"image\"><span class=\"lazyload fusion-image-hover-element hover-type-none\"><img decoding=\"async\" src=\"data:image\/svg+xml,%3Csvg%20xmlns%3D%27http%3A%2F%2Fwww.w3.org%2F2000%2Fsvg%27%20width%3D%271200%27%20height%3D%27704%27%20viewBox%3D%270%200%201200%20704%27%3E%3Crect%20width%3D%271200%27%20height%3D%27704%27%20fill-opacity%3D%220%22%2F%3E%3C%2Fsvg%3E\" data-orig-src=\"https:\/\/corp.websaver.ca\/wp-content\/uploads\/2023\/05\/Coupon-101-11.jpg\" width=\"1200\" height=\"704\" class=\"lazyload wp-image-8914\" \/><\/span><\/li><li class=\"image\"><span class=\"lazyload fusion-image-hover-element hover-type-none\"><img decoding=\"async\" src=\"data:image\/svg+xml,%3Csvg%20xmlns%3D%27http%3A%2F%2Fwww.w3.org%2F2000%2Fsvg%27%20width%3D%271200%27%20height%3D%27712%27%20viewBox%3D%270%200%201200%20712%27%3E%3Crect%20width%3D%271200%27%20height%3D%27712%27%20fill-opacity%3D%220%22%2F%3E%3C%2Fsvg%3E\" data-orig-src=\"https:\/\/corp.websaver.ca\/wp-content\/uploads\/2023\/05\/Coupon-101-12.jpg\" width=\"1200\" height=\"712\" class=\"lazyload wp-image-8916\" \/><\/span><\/li><li class=\"image\"><span class=\"lazyload fusion-image-hover-element hover-type-none\"><img decoding=\"async\" src=\"data:image\/svg+xml,%3Csvg%20xmlns%3D%27http%3A%2F%2Fwww.w3.org%2F2000%2Fsvg%27%20width%3D%271200%27%20height%3D%27677%27%20viewBox%3D%270%200%201200%20677%27%3E%3Crect%20width%3D%271200%27%20height%3D%27677%27%20fill-opacity%3D%220%22%2F%3E%3C%2Fsvg%3E\" data-orig-src=\"https:\/\/corp.websaver.ca\/wp-content\/uploads\/2023\/05\/Coupon-101-13.jpg\" width=\"1200\" height=\"677\" class=\"lazyload wp-image-8918\" \/><\/span><\/li><li class=\"image\"><span class=\"lazyload fusion-image-hover-element hover-type-none\"><img decoding=\"async\" src=\"data:image\/svg+xml,%3Csvg%20xmlns%3D%27http%3A%2F%2Fwww.w3.org%2F2000%2Fsvg%27%20width%3D%271200%27%20height%3D%27673%27%20viewBox%3D%270%200%201200%20673%27%3E%3Crect%20width%3D%271200%27%20height%3D%27673%27%20fill-opacity%3D%220%22%2F%3E%3C%2Fsvg%3E\" data-orig-src=\"https:\/\/corp.websaver.ca\/wp-content\/uploads\/2023\/05\/Coupon-101-14.jpg\" width=\"1200\" height=\"673\" class=\"lazyload wp-image-8920\" \/><\/span><\/li><\/ul><\/div><\/div><div style=\"text-align:center;\"><a class=\"fusion-button button-flat fusion-button-default-size button-custom fusion-button-default button-1 fusion-button-default-span fusion-button-default-type\" style=\"--button_accent_color:var(--awb-color1);--button_accent_hover_color:var(--awb-color1);--button_border_hover_color:var(--awb-color1);--button_gradient_top_color:#f68b43;--button_gradient_bottom_color:#f68b43;--button_gradient_top_color_hover:#f46100;--button_gradient_bottom_color_hover:#f46100;--button_font_size:20px;--button_padding-top:18px;--button_padding-right:29px;--button_padding-bottom:18px;--button_padding-left:29px;\" target=\"_self\" href=\"https:\/\/corp.websaver.ca\/fr\/contactez-nous\/\"><span class=\"fusion-button-text awb-button__text awb-button__text--default\">Contactez-nous aujourd&rsquo;hui<\/span><\/a><\/div><\/div><\/div><\/div><\/div>\n","protected":false},"excerpt":{"rendered":"","protected":false},"author":2,"featured_media":0,"parent":0,"menu_order":0,"comment_status":"closed","ping_status":"closed","template":"100-width.php","meta":{"footnotes":""},"class_list":["post-9473","page","type-page","status-publish","hentry"],"yoast_head":"<!-- This site is optimized with the Yoast SEO plugin v27.3 - https:\/\/yoast.com\/product\/yoast-seo-wordpress\/ -->\n<title>Couponing et Remise en argent 101 - webSaver<\/title>\n<meta name=\"description\" content=\"Notre guide Couponing et Remise en argent 101 est un excellent point de d\u00e9part pour accro\u00eetre vos connaissances en mati\u00e8re de coupons et mieux comprendre comment les coupons et les offres de remise en argent peuvent contribuer \u00e0 la croissance de votre marque.\" \/>\n<meta name=\"robots\" content=\"index, follow, max-snippet:-1, max-image-preview:large, max-video-preview:-1\" \/>\n<link rel=\"canonical\" href=\"https:\/\/corp.websaver.ca\/fr\/couponing-101\/\" \/>\n<meta property=\"og:locale\" content=\"fr_FR\" \/>\n<meta property=\"og:type\" content=\"article\" \/>\n<meta property=\"og:title\" content=\"Couponing et Remise en argent 101 - webSaver\" \/>\n<meta property=\"og:description\" content=\"Notre guide Couponing et Remise en argent 101 est un excellent point de d\u00e9part pour accro\u00eetre vos connaissances en mati\u00e8re de coupons et mieux comprendre comment les coupons et les offres de remise en argent peuvent contribuer \u00e0 la croissance de votre marque.\" \/>\n<meta property=\"og:url\" content=\"https:\/\/corp.websaver.ca\/fr\/couponing-101\/\" \/>\n<meta property=\"og:site_name\" content=\"webSaver\" \/>\n<meta property=\"article:modified_time\" content=\"2023-11-08T17:11:22+00:00\" \/>\n<meta name=\"twitter:card\" content=\"summary_large_image\" \/>\n<meta name=\"twitter:label1\" content=\"Dur\u00e9e de lecture estim\u00e9e\" \/>\n\t<meta name=\"twitter:data1\" content=\"7 minutes\" \/>\n<script type=\"application\/ld+json\" class=\"yoast-schema-graph\">{\"@context\":\"https:\\\/\\\/schema.org\",\"@graph\":[{\"@type\":\"WebPage\",\"@id\":\"https:\\\/\\\/corp.websaver.ca\\\/fr\\\/couponing-101\\\/\",\"url\":\"https:\\\/\\\/corp.websaver.ca\\\/fr\\\/couponing-101\\\/\",\"name\":\"Couponing et Remise en argent 101 - webSaver\",\"isPartOf\":{\"@id\":\"https:\\\/\\\/corp.websaver.ca\\\/#website\"},\"datePublished\":\"2023-02-10T00:15:33+00:00\",\"dateModified\":\"2023-11-08T17:11:22+00:00\",\"description\":\"Notre guide Couponing et Remise en argent 101 est un excellent point de d\u00e9part pour accro\u00eetre vos connaissances en mati\u00e8re de coupons et mieux comprendre comment les coupons et les offres de remise en argent peuvent contribuer \u00e0 la croissance de votre marque.\",\"breadcrumb\":{\"@id\":\"https:\\\/\\\/corp.websaver.ca\\\/fr\\\/couponing-101\\\/#breadcrumb\"},\"inLanguage\":\"fr-FR\",\"potentialAction\":[{\"@type\":\"ReadAction\",\"target\":[\"https:\\\/\\\/corp.websaver.ca\\\/fr\\\/couponing-101\\\/\"]}]},{\"@type\":\"BreadcrumbList\",\"@id\":\"https:\\\/\\\/corp.websaver.ca\\\/fr\\\/couponing-101\\\/#breadcrumb\",\"itemListElement\":[{\"@type\":\"ListItem\",\"position\":1,\"name\":\"Home\",\"item\":\"https:\\\/\\\/corp.websaver.ca\\\/fr\\\/\"},{\"@type\":\"ListItem\",\"position\":2,\"name\":\"Couponing 101\"}]},{\"@type\":\"WebSite\",\"@id\":\"https:\\\/\\\/corp.websaver.ca\\\/#website\",\"url\":\"https:\\\/\\\/corp.websaver.ca\\\/\",\"name\":\"webSaver\",\"description\":\"Your Coupons Solutions Partner\",\"potentialAction\":[{\"@type\":\"SearchAction\",\"target\":{\"@type\":\"EntryPoint\",\"urlTemplate\":\"https:\\\/\\\/corp.websaver.ca\\\/?s={search_term_string}\"},\"query-input\":{\"@type\":\"PropertyValueSpecification\",\"valueRequired\":true,\"valueName\":\"search_term_string\"}}],\"inLanguage\":\"fr-FR\"}]}<\/script>\n<!-- \/ Yoast SEO plugin. -->","yoast_head_json":{"title":"Couponing et Remise en argent 101 - webSaver","description":"Notre guide Couponing et Remise en argent 101 est un excellent point de d\u00e9part pour accro\u00eetre vos connaissances en mati\u00e8re de coupons et mieux comprendre comment les coupons et les offres de remise en argent peuvent contribuer \u00e0 la croissance de votre marque.","robots":{"index":"index","follow":"follow","max-snippet":"max-snippet:-1","max-image-preview":"max-image-preview:large","max-video-preview":"max-video-preview:-1"},"canonical":"https:\/\/corp.websaver.ca\/fr\/couponing-101\/","og_locale":"fr_FR","og_type":"article","og_title":"Couponing et Remise en argent 101 - webSaver","og_description":"Notre guide Couponing et Remise en argent 101 est un excellent point de d\u00e9part pour accro\u00eetre vos connaissances en mati\u00e8re de coupons et mieux comprendre comment les coupons et les offres de remise en argent peuvent contribuer \u00e0 la croissance de votre marque.","og_url":"https:\/\/corp.websaver.ca\/fr\/couponing-101\/","og_site_name":"webSaver","article_modified_time":"2023-11-08T17:11:22+00:00","twitter_card":"summary_large_image","twitter_misc":{"Dur\u00e9e de lecture estim\u00e9e":"7 minutes"},"schema":{"@context":"https:\/\/schema.org","@graph":[{"@type":"WebPage","@id":"https:\/\/corp.websaver.ca\/fr\/couponing-101\/","url":"https:\/\/corp.websaver.ca\/fr\/couponing-101\/","name":"Couponing et Remise en argent 101 - webSaver","isPartOf":{"@id":"https:\/\/corp.websaver.ca\/#website"},"datePublished":"2023-02-10T00:15:33+00:00","dateModified":"2023-11-08T17:11:22+00:00","description":"Notre guide Couponing et Remise en argent 101 est un excellent point de d\u00e9part pour accro\u00eetre vos connaissances en mati\u00e8re de coupons et mieux comprendre comment les coupons et les offres de remise en argent peuvent contribuer \u00e0 la croissance de votre marque.","breadcrumb":{"@id":"https:\/\/corp.websaver.ca\/fr\/couponing-101\/#breadcrumb"},"inLanguage":"fr-FR","potentialAction":[{"@type":"ReadAction","target":["https:\/\/corp.websaver.ca\/fr\/couponing-101\/"]}]},{"@type":"BreadcrumbList","@id":"https:\/\/corp.websaver.ca\/fr\/couponing-101\/#breadcrumb","itemListElement":[{"@type":"ListItem","position":1,"name":"Home","item":"https:\/\/corp.websaver.ca\/fr\/"},{"@type":"ListItem","position":2,"name":"Couponing 101"}]},{"@type":"WebSite","@id":"https:\/\/corp.websaver.ca\/#website","url":"https:\/\/corp.websaver.ca\/","name":"webSaver","description":"Your Coupons Solutions Partner","potentialAction":[{"@type":"SearchAction","target":{"@type":"EntryPoint","urlTemplate":"https:\/\/corp.websaver.ca\/?s={search_term_string}"},"query-input":{"@type":"PropertyValueSpecification","valueRequired":true,"valueName":"search_term_string"}}],"inLanguage":"fr-FR"}]}},"_links":{"self":[{"href":"https:\/\/corp.websaver.ca\/fr\/wp-json\/wp\/v2\/pages\/9473","targetHints":{"allow":["GET"]}}],"collection":[{"href":"https:\/\/corp.websaver.ca\/fr\/wp-json\/wp\/v2\/pages"}],"about":[{"href":"https:\/\/corp.websaver.ca\/fr\/wp-json\/wp\/v2\/types\/page"}],"author":[{"embeddable":true,"href":"https:\/\/corp.websaver.ca\/fr\/wp-json\/wp\/v2\/users\/2"}],"replies":[{"embeddable":true,"href":"https:\/\/corp.websaver.ca\/fr\/wp-json\/wp\/v2\/comments?post=9473"}],"version-history":[{"count":4,"href":"https:\/\/corp.websaver.ca\/fr\/wp-json\/wp\/v2\/pages\/9473\/revisions"}],"predecessor-version":[{"id":9512,"href":"https:\/\/corp.websaver.ca\/fr\/wp-json\/wp\/v2\/pages\/9473\/revisions\/9512"}],"wp:attachment":[{"href":"https:\/\/corp.websaver.ca\/fr\/wp-json\/wp\/v2\/media?parent=9473"}],"curies":[{"name":"wp","href":"https:\/\/api.w.org\/{rel}","templated":true}]}}